{"id":196,"date":"2018-10-23T21:16:25","date_gmt":"2018-10-23T21:16:25","guid":{"rendered":"http:\/\/pd-vagabundina-koliba.hr\/wp\/?page_id=196"},"modified":"2018-10-25T21:10:10","modified_gmt":"2018-10-25T21:10:10","slug":"gastronomy","status":"publish","type":"page","link":"https:\/\/pd-vagabundina-koliba.hr\/wp\/?page_id=196&lang=en","title":{"rendered":"Gastronomy"},"content":{"rendered":"\t\t<div data-elementor-type=\"wp-post\" data-elementor-id=\"196\" class=\"elementor elementor-196 elementor-bc-flex-widget\">\n\t\t\t\t\t\t<div class=\"elementor-inner\">\n\t\t\t\t<div class=\"elementor-section-wrap\">\n\t\t\t\t\t\t\t\t\t<section class=\"elementor-section elementor-top-section elementor-element elementor-element-5958b322 elementor-section-content-middle elementor-section-boxed elementor-section-height-default elementor-section-height-default\" data-id=\"5958b322\" data-element_type=\"section\" data-settings=\"{&quot;background_background&quot;:&quot;classic&quot;}\">\n\t\t\t\t\t\t<div class=\"elementor-container elementor-column-gap-no\">\n\t\t\t\t\t\t\t<div class=\"elementor-row\">\n\t\t\t\t\t<div class=\"elementor-column elementor-col-100 elementor-top-column elementor-element elementor-element-6034a91\" data-id=\"6034a91\" data-element_type=\"column\">\n\t\t\t<div class=\"elementor-column-wrap elementor-element-populated\">\n\t\t\t\t\t\t\t<div class=\"elementor-widget-wrap\">\n\t\t\t\t\t\t<div class=\"elementor-element elementor-element-1ec82814 elementor-invisible elementor-widget elementor-widget-heading\" data-id=\"1ec82814\" data-element_type=\"widget\" data-settings=\"{&quot;_animation&quot;:&quot;fadeIn&quot;}\" data-widget_type=\"heading.default\">\n\t\t\t\t<div class=\"elementor-widget-container\">\n\t\t\t<h2 class=\"elementor-heading-title elementor-size-default\">What do we offer?<\/h2>\t\t<\/div>\n\t\t\t\t<\/div>\n\t\t\t\t<div class=\"elementor-element elementor-element-17192bcc elementor-invisible elementor-widget elementor-widget-heading\" data-id=\"17192bcc\" data-element_type=\"widget\" data-settings=\"{&quot;_animation&quot;:&quot;fadeIn&quot;}\" data-widget_type=\"heading.default\">\n\t\t\t\t<div class=\"elementor-widget-container\">\n\t\t\t<h5 class=\"elementor-heading-title elementor-size-default\">Don't miss our specialities<\/h5>\t\t<\/div>\n\t\t\t\t<\/div>\n\t\t\t\t<div class=\"elementor-element elementor-element-2f63c98 elementor-invisible elementor-widget elementor-widget-image-gallery\" data-id=\"2f63c98\" data-element_type=\"widget\" data-settings=\"{&quot;_animation&quot;:&quot;zoomIn&quot;}\" data-widget_type=\"image-gallery.default\">\n\t\t\t\t<div class=\"elementor-widget-container\">\n\t\t\t\t\t<div class=\"elementor-image-gallery\">\n\t\t\t<div id='gallery-1' class='gallery galleryid-196 gallery-columns-4 gallery-size-thumbnail'><figure class='gallery-item'>\n\t\t\t<div class='gallery-icon landscape'>\n\t\t\t\t<a data-elementor-open-lightbox=\"yes\" data-elementor-lightbox-slideshow=\"2f63c98\" data-elementor-lightbox-title=\"Vagabund\" e-action-hash=\"#elementor-action%3Aaction%3Dlightbox%26settings%3DeyJpZCI6MTUzLCJ1cmwiOiJodHRwczpcL1wvcGQtdmFnYWJ1bmRpbmEta29saWJhLmhyXC93cFwvd3AtY29udGVudFwvdXBsb2Fkc1wvMjAxOFwvMTBcL25hbWF6MS1nLTEuanBnIiwic2xpZGVzaG93IjoiMmY2M2M5OCJ9\" href='https:\/\/pd-vagabundina-koliba.hr\/wp\/wp-content\/uploads\/2018\/10\/namaz1-g-1.jpg'><img loading=\"lazy\" decoding=\"async\" width=\"150\" height=\"150\" src=\"https:\/\/pd-vagabundina-koliba.hr\/wp\/wp-content\/uploads\/2018\/10\/namaz1-g-1-150x150.jpg\" class=\"attachment-thumbnail size-thumbnail\" alt=\"\" aria-describedby=\"gallery-1-153\" \/><\/a>\n\t\t\t<\/div>\n\t\t\t\t<figcaption class='wp-caption-text gallery-caption' id='gallery-1-153'>\n\t\t\t\tsirni namaz sa medvje\u00f0im lukom (sremu\u009a)\n\t\t\t\t<\/figcaption><\/figure><figure class='gallery-item'>\n\t\t\t<div class='gallery-icon portrait'>\n\t\t\t\t<a data-elementor-open-lightbox=\"yes\" data-elementor-lightbox-slideshow=\"2f63c98\" data-elementor-lightbox-title=\"OLYMPUS DIGITAL CAMERA\" e-action-hash=\"#elementor-action%3Aaction%3Dlightbox%26settings%3DeyJpZCI6MTU0LCJ1cmwiOiJodHRwczpcL1wvcGQtdmFnYWJ1bmRpbmEta29saWJhLmhyXC93cFwvd3AtY29udGVudFwvdXBsb2Fkc1wvMjAxOFwvMTBcL1A5MjUwNzUyLmpwZyIsInNsaWRlc2hvdyI6IjJmNjNjOTgifQ%3D%3D\" href='https:\/\/pd-vagabundina-koliba.hr\/wp\/wp-content\/uploads\/2018\/10\/P9250752.jpg'><img loading=\"lazy\" decoding=\"async\" width=\"150\" height=\"150\" src=\"https:\/\/pd-vagabundina-koliba.hr\/wp\/wp-content\/uploads\/2018\/10\/P9250752-150x150.jpg\" class=\"attachment-thumbnail size-thumbnail\" alt=\"\" aria-describedby=\"gallery-1-154\" \/><\/a>\n\t\t\t<\/div>\n\t\t\t\t<figcaption class='wp-caption-text gallery-caption' id='gallery-1-154'>\n\t\t\t\tOLYMPUS DIGITAL CAMERA\n\t\t\t\t<\/figcaption><\/figure><figure class='gallery-item'>\n\t\t\t<div class='gallery-icon landscape'>\n\t\t\t\t<a data-elementor-open-lightbox=\"yes\" data-elementor-lightbox-slideshow=\"2f63c98\" data-elementor-lightbox-title=\"OLYMPUS DIGITAL CAMERA\" e-action-hash=\"#elementor-action%3Aaction%3Dlightbox%26settings%3DeyJpZCI6MTU1LCJ1cmwiOiJodHRwczpcL1wvcGQtdmFnYWJ1bmRpbmEta29saWJhLmhyXC93cFwvd3AtY29udGVudFwvdXBsb2Fkc1wvMjAxOFwvMTBcL1BpY3R1cmUtMjI0LTIuanBnIiwic2xpZGVzaG93IjoiMmY2M2M5OCJ9\" href='https:\/\/pd-vagabundina-koliba.hr\/wp\/wp-content\/uploads\/2018\/10\/Picture-224-2.jpg'><img loading=\"lazy\" decoding=\"async\" width=\"150\" height=\"150\" src=\"https:\/\/pd-vagabundina-koliba.hr\/wp\/wp-content\/uploads\/2018\/10\/Picture-224-2-150x150.jpg\" class=\"attachment-thumbnail size-thumbnail\" alt=\"\" aria-describedby=\"gallery-1-155\" \/><\/a>\n\t\t\t<\/div>\n\t\t\t\t<figcaption class='wp-caption-text gallery-caption' id='gallery-1-155'>\n\t\t\t\tOLYMPUS DIGITAL CAMERA\n\t\t\t\t<\/figcaption><\/figure><figure class='gallery-item'>\n\t\t\t<div class='gallery-icon landscape'>\n\t\t\t\t<a data-elementor-open-lightbox=\"yes\" data-elementor-lightbox-slideshow=\"2f63c98\" data-elementor-lightbox-title=\"Vagabund\" e-action-hash=\"#elementor-action%3Aaction%3Dlightbox%26settings%3DeyJpZCI6MTU3LCJ1cmwiOiJodHRwczpcL1wvcGQtdmFnYWJ1bmRpbmEta29saWJhLmhyXC93cFwvd3AtY29udGVudFwvdXBsb2Fkc1wvMjAxOFwvMTBcL3NsYXRrby1nLmpwZyIsInNsaWRlc2hvdyI6IjJmNjNjOTgifQ%3D%3D\" href='https:\/\/pd-vagabundina-koliba.hr\/wp\/wp-content\/uploads\/2018\/10\/slatko-g.jpg'><img loading=\"lazy\" decoding=\"async\" width=\"150\" height=\"150\" src=\"https:\/\/pd-vagabundina-koliba.hr\/wp\/wp-content\/uploads\/2018\/10\/slatko-g-150x150.jpg\" class=\"attachment-thumbnail size-thumbnail\" alt=\"\" aria-describedby=\"gallery-1-157\" \/><\/a>\n\t\t\t<\/div>\n\t\t\t\t<figcaption class='wp-caption-text gallery-caption' id='gallery-1-157'>\n\t\t\t\tkola\u00e8 od zobi, pr\u009eenih p\u009aeni\u00e8nih klica s dodatkom jabuke\n\t\t\t\t<\/figcaption><\/figure><figure class='gallery-item'>\n\t\t\t<div class='gallery-icon landscape'>\n\t\t\t\t<a data-elementor-open-lightbox=\"yes\" data-elementor-lightbox-slideshow=\"2f63c98\" data-elementor-lightbox-title=\"Vagabund\" e-action-hash=\"#elementor-action%3Aaction%3Dlightbox%26settings%3DeyJpZCI6MTUyLCJ1cmwiOiJodHRwczpcL1wvcGQtdmFnYWJ1bmRpbmEta29saWJhLmhyXC93cFwvd3AtY29udGVudFwvdXBsb2Fkc1wvMjAxOFwvMTBcL2RvYnJvLWctMS5qcGciLCJzbGlkZXNob3ciOiIyZjYzYzk4In0%3D\" href='https:\/\/pd-vagabundina-koliba.hr\/wp\/wp-content\/uploads\/2018\/10\/dobro-g-1.jpg'><img loading=\"lazy\" decoding=\"async\" width=\"150\" height=\"150\" src=\"https:\/\/pd-vagabundina-koliba.hr\/wp\/wp-content\/uploads\/2018\/10\/dobro-g-1-150x150.jpg\" class=\"attachment-thumbnail size-thumbnail\" alt=\"\" aria-describedby=\"gallery-1-152\" \/><\/a>\n\t\t\t<\/div>\n\t\t\t\t<figcaption class='wp-caption-text gallery-caption' id='gallery-1-152'>\n\t\t\t\tpirjani je\u00e8am sa maj\u00e8inom du\u009aicom i polpete od koprive\n\t\t\t\t<\/figcaption><\/figure><figure class='gallery-item'>\n\t\t\t<div class='gallery-icon portrait'>\n\t\t\t\t<a data-elementor-open-lightbox=\"yes\" data-elementor-lightbox-slideshow=\"2f63c98\" data-elementor-lightbox-title=\"OLYMPUS DIGITAL CAMERA\" e-action-hash=\"#elementor-action%3Aaction%3Dlightbox%26settings%3DeyJpZCI6MzM5LCJ1cmwiOiJodHRwczpcL1wvcGQtdmFnYWJ1bmRpbmEta29saWJhLmhyXC93cFwvd3AtY29udGVudFwvdXBsb2Fkc1wvMjAxOFwvMTBcL1A3MjIwNTA4LmpwZyIsInNsaWRlc2hvdyI6IjJmNjNjOTgifQ%3D%3D\" href='https:\/\/pd-vagabundina-koliba.hr\/wp\/wp-content\/uploads\/2018\/10\/P7220508.jpg'><img loading=\"lazy\" decoding=\"async\" width=\"150\" height=\"150\" src=\"https:\/\/pd-vagabundina-koliba.hr\/wp\/wp-content\/uploads\/2018\/10\/P7220508-150x150.jpg\" class=\"attachment-thumbnail size-thumbnail\" alt=\"\" aria-describedby=\"gallery-1-339\" \/><\/a>\n\t\t\t<\/div>\n\t\t\t\t<figcaption class='wp-caption-text gallery-caption' id='gallery-1-339'>\n\t\t\t\tOLYMPUS DIGITAL CAMERA\n\t\t\t\t<\/figcaption><\/figure><figure class='gallery-item'>\n\t\t\t<div class='gallery-icon landscape'>\n\t\t\t\t<a data-elementor-open-lightbox=\"yes\" data-elementor-lightbox-slideshow=\"2f63c98\" data-elementor-lightbox-title=\"OLYMPUS DIGITAL CAMERA\" e-action-hash=\"#elementor-action%3Aaction%3Dlightbox%26settings%3DeyJpZCI6MTU2LCJ1cmwiOiJodHRwczpcL1wvcGQtdmFnYWJ1bmRpbmEta29saWJhLmhyXC93cFwvd3AtY29udGVudFwvdXBsb2Fkc1wvMjAxOFwvMTBcL1BpY3R1cmUtMjI3LmpwZyIsInNsaWRlc2hvdyI6IjJmNjNjOTgifQ%3D%3D\" href='https:\/\/pd-vagabundina-koliba.hr\/wp\/wp-content\/uploads\/2018\/10\/Picture-227.jpg'><img loading=\"lazy\" decoding=\"async\" width=\"150\" height=\"150\" src=\"https:\/\/pd-vagabundina-koliba.hr\/wp\/wp-content\/uploads\/2018\/10\/Picture-227-150x150.jpg\" class=\"attachment-thumbnail size-thumbnail\" alt=\"\" aria-describedby=\"gallery-1-156\" \/><\/a>\n\t\t\t<\/div>\n\t\t\t\t<figcaption class='wp-caption-text gallery-caption' id='gallery-1-156'>\n\t\t\t\tOLYMPUS DIGITAL CAMERA\n\t\t\t\t<\/figcaption><\/figure>\n\t\t<\/div>\n\t\t<\/div>\n\t\t\t\t<\/div>\n\t\t\t\t<\/div>\n\t\t\t\t\t\t<\/div>\n\t\t\t\t\t<\/div>\n\t\t<\/div>\n\t\t\t\t\t\t\t\t<\/div>\n\t\t\t\t\t<\/div>\n\t\t<\/section>\n\t\t\t\t\t\t\t\t\t<\/div>\n\t\t\t<\/div>\n\t\t\t\t\t<\/div>\n\t\t","protected":false},"excerpt":{"rendered":"<p>What do we offer? Don&#8217;t miss our specialities sirni namaz sa medvje\u00f0im lukom (sremu\u009a) OLYMPUS DIGITAL CAMERA OLYMPUS DIGITAL CAMERA kola\u00e8 od zobi, pr\u009eenih p\u009aeni\u00e8nih klica s dodatkom jabuke pirjani je\u00e8am sa maj\u00e8inom du\u009aicom i polpete od koprive OLYMPUS DIGITAL CAMERA OLYMPUS DIGITAL CAMERA<\/p>\n","protected":false},"author":1,"featured_media":0,"parent":0,"menu_order":0,"comment_status":"closed","ping_status":"closed","template":"","meta":{"site-sidebar-layout":"no-sidebar","site-content-layout":"page-builder","ast-main-header-display":"","ast-hfb-above-header-display":"","ast-hfb-below-header-display":"","ast-hfb-mobile-header-display":"","site-post-title":"disabled","ast-breadcrumbs-content":"","ast-featured-img":"disabled","footer-sml-layout":"","theme-transparent-header-meta":"","adv-header-id-meta":"","stick-header-meta":"","header-above-stick-meta":"","header-main-stick-meta":"","header-below-stick-meta":"","footnotes":""},"class_list":["post-196","page","type-page","status-publish","hentry"],"_links":{"self":[{"href":"https:\/\/pd-vagabundina-koliba.hr\/wp\/index.php?rest_route=\/wp\/v2\/pages\/196","targetHints":{"allow":["GET"]}}],"collection":[{"href":"https:\/\/pd-vagabundina-koliba.hr\/wp\/index.php?rest_route=\/wp\/v2\/pages"}],"about":[{"href":"https:\/\/pd-vagabundina-koliba.hr\/wp\/index.php?rest_route=\/wp\/v2\/types\/page"}],"author":[{"embeddable":true,"href":"https:\/\/pd-vagabundina-koliba.hr\/wp\/index.php?rest_route=\/wp\/v2\/users\/1"}],"replies":[{"embeddable":true,"href":"https:\/\/pd-vagabundina-koliba.hr\/wp\/index.php?rest_route=%2Fwp%2Fv2%2Fcomments&post=196"}],"version-history":[{"count":3,"href":"https:\/\/pd-vagabundina-koliba.hr\/wp\/index.php?rest_route=\/wp\/v2\/pages\/196\/revisions"}],"predecessor-version":[{"id":380,"href":"https:\/\/pd-vagabundina-koliba.hr\/wp\/index.php?rest_route=\/wp\/v2\/pages\/196\/revisions\/380"}],"wp:attachment":[{"href":"https:\/\/pd-vagabundina-koliba.hr\/wp\/index.php?rest_route=%2Fwp%2Fv2%2Fmedia&parent=196"}],"curies":[{"name":"wp","href":"https:\/\/api.w.org\/{rel}","templated":true}]}}